
{"id":1071,"date":"2015-12-14T07:14:55","date_gmt":"2015-12-14T07:14:55","guid":{"rendered":"http:\/\/consulting.stylemixthemes.com\/?page_id=2"},"modified":"2022-11-29T04:59:18","modified_gmt":"2022-11-29T04:59:18","slug":"sample-page-2","status":"publish","type":"page","link":"https:\/\/wsmexpert.com\/en\/","title":{"rendered":"Trang ch\u1ee7"},"content":{"rendered":"<p>[vc_row css=&#8221;.vc_custom_1460958899385{margin-bottom: 56px !important;}&#8221;][vc_column video_bg=&#8221;yes&#8221; offset=&#8221;vc_hidden-xs&#8221;][rev_slider_vc alias=&#8221;slidehome&#8221;][\/vc_column][\/vc_row][vc_row css_animation=&#8221;fadeInUp&#8221; css=&#8221;.vc_custom_1527652518192{margin-bottom: 58px !important;}&#8221;][vc_column][vc_custom_heading text=&#8221;GI\u1edaI THI\u1ec6U&#8221; font_container=&#8221;tag:h2|text_align:center&#8221; use_theme_fonts=&#8221;yes&#8221; css=&#8221;.vc_custom_1527433486124{margin-bottom: 60px !important;}&#8221;][vc_single_image image=&#8221;1569&#8243; img_size=&#8221;full&#8221;][vc_column_text]WORLD-CLASS SUPPLY MANAGEMENT (WSM) \u2013 qu\u1ea3n tr\u1ecb cung \u1ee9ng \u0111\u1eb3ng c\u1ea5p th\u1ebf gi\u1edbi, l\u00e0 tri\u1ebft l\u00fd v\u1ec1 s\u1ef1 c\u1ea3i ti\u1ebfn m\u1ed9t c\u00e1ch li\u00ean t\u1ee5c v\u1edbi c\u00e1c m\u1ee5c ti\u00eau d\u00e0i h\u1ea1n nh\u1eb1m t\u0103ng c\u01b0\u1eddng n\u0103ng l\u1ef1c chu\u1ed7i cung \u1ee9ng, <strong>d\u1ef1a tr\u00ean ph\u01b0\u01a1ng ph\u00e1p lu\u1eadn c\u1ee7a David N. Burt &amp; Stephen L. Starling, University of San Diego. <\/strong>Ch\u00fang t\u00f4i l\u00e0 m\u1ed9t \u0111\u1ed9i ng\u0169 chuy\u00ean gia t\u00e0i ch\u00ednh, chuy\u00ean gia c\u00f4ng ngh\u1ec7 th\u00f4ng tin v\u00e0 nh\u1eefng nh\u00e0 t\u01b0 v\u1ea5n gi\u00fap c\u00e1c c\u00f4ng ty tri\u1ec3n khai h\u1ec7 th\u1ed1ng quy tr\u00ecnh v\u00e0 h\u1ec7 th\u1ed1ng qu\u1ea3n tr\u1ecb th\u00f4ng tin, \u1ee9ng d\u1ee5ng ph\u01b0\u01a1ng ph\u00e1p WSM. H\u00e3y cho ph\u00e9p n\u0103ng l\u1ef1c c\u1ee7a c\u1ea3 h\u1ec7 th\u1ed1ng cung \u1ee9ng g\u00f3p ph\u1ea7n gia t\u0103ng n\u0103ng l\u1ef1c c\u1ea1nh tranh c\u1ee7a c\u00f4ng ty v\u00e0 tr\u1edf th\u00e0nh ng\u01b0\u1eddi d\u1eabn \u0111\u1ea7u th\u1ecb tr\u01b0\u1eddng.[\/vc_column_text][\/vc_column][\/vc_row][vc_row css_animation=&#8221;fadeInUp&#8221; css=&#8221;.vc_custom_1527652529691{margin-bottom: 58px !important;}&#8221;][vc_column][vc_custom_heading text=&#8221;D\u1ecaCH V\u1ee4&#8221; font_container=&#8221;tag:h2|text_align:center&#8221; use_theme_fonts=&#8221;yes&#8221; css=&#8221;.vc_custom_1527434486218{margin-bottom: 60px !important;}&#8221;][vc_masonry_grid post_type=&#8221;stm_service&#8221; max_items=&#8221;10&#8243; style=&#8221;lazy&#8221; element_width=&#8221;6&#8243; grid_id=&#8221;vc_gid:1601341694004-910b80e1-f7ff-1&#8243; css=&#8221;.vc_custom_1527815100856{background-position: center !important;background-repeat: no-repeat !important;background-size: cover !important;}&#8221;][\/vc_column][\/vc_row][vc_row full_width=&#8221;stretch_row&#8221; css_animation=&#8221;fadeInUp&#8221; css=&#8221;.vc_custom_1527652577996{margin-bottom: 0px !important;padding-top: 35px !important;padding-bottom: 46px !important;background-image: url(http:\/\/wsmexpert.com\/wp-content\/uploads\/2018\/05\/Layer-732_02.jpg?id=1582) !important;background-position: center !important;background-repeat: no-repeat !important;background-size: cover !important;}&#8221; el_class=&#8221;white-overlay_1 fixed_bg&#8221;][vc_column][vc_custom_heading stripe_pos=&#8221;hide&#8221; text=&#8221;<mark>\u201cWSM l\u00e0 h\u1ec7 th\u1ed1ng quy tr\u00ecnh mang t\u00ednh chi\u1ebfn l\u01b0\u1ee3c v\u00e0 \u0111\u00f2i h\u1ecfi ni\u1ec1m tin trong t\u1ed5 ch\u1ee9c.\u201d<\/mark><br \/>\nDavid N. Burt &amp; Stephen L. Starling, University of San Diego&#8221; font_container=&#8221;tag:h5|font_size:22px|text_align:center|line_height:34px&#8221; use_theme_fonts=&#8221;yes&#8221; stripe_hide=&#8221;yes&#8221;][\/vc_column][\/vc_row][vc_row full_width=&#8221;stretch_row&#8221; css_animation=&#8221;fadeInUp&#8221; css=&#8221;.vc_custom_1528034681326{padding-top: 61px !important;padding-bottom: 80px !important;background-image: url(http:\/\/wsmexpert.com\/wp-content\/uploads\/2018\/05\/Layer-762_02-1.jpg?id=1589) !important;background-position: center !important;background-repeat: no-repeat !important;background-size: cover !important;}&#8221; el_class=&#8221;overlay_2 specialwsm&#8221;][vc_column][vc_custom_heading text=&#8221;\u0110\u1eb6C \u0110I\u1ec2M N\u1ed4I B\u1eacT C\u1ee6A C\u00d4NG TY \u0110\u1ea0T CHU\u1ea8N&#8221; font_container=&#8221;tag:h2|text_align:center|color:%23ffffff&#8221; use_theme_fonts=&#8221;yes&#8221; css=&#8221;.vc_custom_1528291647901{margin-bottom: 40px !important;}&#8221; el_class=&#8221;speciallogo&#8221;][vc_row_inner][vc_column_inner width=&#8221;1\/3&#8243;][stm_info_box align_center=&#8221;yes&#8221; style=&#8221;style_2&#8243; icon=&#8221;fa fa-chevron-right&#8221; link=&#8221;|||&#8221; css=&#8221;.vc_custom_1528034410474{margin-bottom: 0px !important;padding-top: 10px !important;padding-right: 50px !important;padding-bottom: 32px !important;padding-left: 50px !important;}&#8221;]<\/p>\n<blockquote><p>V\u1eadn h\u00e0nh h\u1ec7 th\u1ed1ng cung \u1ee9ng theo t\u00ednh ch\u1ea5t li\u00ean minh v\u00e0 m\u1ea1ng l\u01b0\u1edbi.<\/p><\/blockquote>\n<p>[\/stm_info_box][stm_spacing xs_spacing=&#8221;30px&#8221;][\/vc_column_inner][vc_column_inner width=&#8221;1\/3&#8243;][stm_info_box align_center=&#8221;yes&#8221; style=&#8221;style_2&#8243; icon=&#8221;fa fa-chevron-right&#8221; link=&#8221;|||&#8221; css=&#8221;.vc_custom_1528035487250{margin-bottom: 0px !important;padding-top: 10px !important;padding-right: 50px !important;padding-bottom: 32px !important;padding-left: 50px !important;}&#8221;]<\/p>\n<blockquote><p>Minh b\u1ea1ch v\u00e0 c\u00f4ng b\u1eb1ng &#8211; \u0111\u00e1nh gi\u00e1 v\u1eadn h\u00e0nh to\u00e0n h\u1ec7 th\u1ed1ng cung \u1ee9ng b\u1edfi m\u1ecdi th\u00e0nh ph\u1ea7n ch\u1ee9c n\u0103ng t\u01b0\u01a1ng t\u00e1c tr\u1ef1c ti\u1ebfp.<\/p><\/blockquote>\n<p>[\/stm_info_box][stm_spacing xs_spacing=&#8221;30px&#8221;][\/vc_column_inner][vc_column_inner width=&#8221;1\/3&#8243;][stm_info_box align_center=&#8221;yes&#8221; style=&#8221;style_2&#8243; icon=&#8221;fa fa-chevron-right&#8221; link=&#8221;|||&#8221; css=&#8221;.vc_custom_1528035494205{margin-bottom: 0px !important;padding-top: 10px !important;padding-right: 50px !important;padding-bottom: 32px !important;padding-left: 50px !important;}&#8221;]<\/p>\n<blockquote><p>H\u1ee3p nh\u1ea5t chi\u1ebfn l\u01b0\u1ee3c cung \u1ee9ng v\u00e0 t\u1eadn d\u1ee5ng \u0111\u00f2n b\u1ea9y c\u00f4ng ngh\u1ec7 c\u1ee7a \u0111\u1ed1i t\u00e1c kinh doanh.<\/p><\/blockquote>\n<p>[\/stm_info_box][\/vc_column_inner][\/vc_row_inner][\/vc_column][\/vc_row][vc_row full_width=&#8221;stretch_row&#8221; css_animation=&#8221;fadeInUp&#8221; css=&#8221;.vc_custom_1527652610845{margin-bottom: -60px !important;padding-top: 52px !important;padding-bottom: 23px !important;}&#8221;][vc_column][vc_custom_heading text=&#8221;LI\u00caN H\u1ec6&#8221; font_container=&#8221;tag:h2|text_align:center&#8221; use_theme_fonts=&#8221;yes&#8221; css=&#8221;.vc_custom_1527437944282{margin-bottom: -10px !important;}&#8221;][vc_row_inner][vc_column_inner width=&#8221;1\/2&#8243;]\n<div class=\"wpcf7 no-js\" id=\"wpcf7-f2183-o1\" lang=\"en-US\" dir=\"ltr\" data-wpcf7-id=\"2183\">\n<div class=\"screen-reader-response\"><p role=\"status\" aria-live=\"polite\" aria-atomic=\"true\"><\/p> <ul><\/ul><\/div>\n<form action=\"\/en\/wp-json\/wp\/v2\/pages\/1071#wpcf7-f2183-o1\" method=\"post\" class=\"wpcf7-form init\" aria-label=\"Contact form\" novalidate=\"novalidate\" data-status=\"init\">\n<fieldset class=\"hidden-fields-container\"><input type=\"hidden\" name=\"_wpcf7\" value=\"2183\" \/><input type=\"hidden\" name=\"_wpcf7_version\" value=\"6.1.5\" \/><input type=\"hidden\" name=\"_wpcf7_locale\" value=\"en_US\" \/><input type=\"hidden\" name=\"_wpcf7_unit_tag\" value=\"wpcf7-f2183-o1\" \/><input type=\"hidden\" name=\"_wpcf7_container_post\" value=\"0\" \/><input type=\"hidden\" name=\"_wpcf7_posted_data_hash\" value=\"\" \/>\n<\/fieldset>\n<div class=\"wpb_column vc_column_container vc_col-sm-6\" style=\"margin-top: 10px\">\n\t<div class=\"vc_column-inner \">\n\t\t<p><label style=\"display:block\"> H\u1ecd (*)<br \/>\n<span class=\"wpcf7-form-control-wrap\" data-name=\"your-first\"><input size=\"40\" maxlength=\"400\" class=\"wpcf7-form-control wpcf7-text wpcf7-validates-as-required\" aria-required=\"true\" aria-invalid=\"false\" value=\"\" type=\"text\" name=\"your-first\" \/><\/span> <\/label>\n\t\t<\/p>\n\t<\/div>\n<\/div>\n<div class=\"wpb_column vc_column_container vc_col-sm-6\" style=\"margin-top: 10px\">\n\t<div class=\"vc_column-inner \">\n\t\t<p><label style=\"display:block\"> T\u00ean (*)<br \/>\n<span class=\"wpcf7-form-control-wrap\" data-name=\"your-last\"><input size=\"40\" maxlength=\"400\" class=\"wpcf7-form-control wpcf7-text wpcf7-validates-as-required\" aria-required=\"true\" aria-invalid=\"false\" value=\"\" type=\"text\" name=\"your-last\" \/><\/span> <\/label>\n\t\t<\/p>\n\t<\/div>\n<\/div>\n<div style=\"width: 100%; height: 10px\">\n<\/div>\n<div class=\"wpb_column vc_column_container vc_col-sm-6\" style=\"margin-top: 10px\">\n\t<div class=\"vc_column-inner \">\n\t\t<p><label style=\"display:block\"> C\u00f4ng ty<br \/>\n<span class=\"wpcf7-form-control-wrap\" data-name=\"your-company\"><input size=\"40\" maxlength=\"400\" class=\"wpcf7-form-control wpcf7-text\" aria-invalid=\"false\" value=\"\" type=\"text\" name=\"your-company\" \/><\/span> <\/label>\n\t\t<\/p>\n\t<\/div>\n<\/div>\n<div class=\"wpb_column vc_column_container vc_col-sm-6\" style=\"margin-top: 10px\">\n\t<div class=\"vc_column-inner \">\n\t\t<p><label style=\"display:block\"> Email (*)<br \/>\n<span class=\"wpcf7-form-control-wrap\" data-name=\"your-email\"><input size=\"40\" maxlength=\"400\" class=\"wpcf7-form-control wpcf7-email wpcf7-validates-as-required wpcf7-text wpcf7-validates-as-email\" aria-required=\"true\" aria-invalid=\"false\" value=\"\" type=\"email\" name=\"your-email\" \/><\/span> <\/label>\n\t\t<\/p>\n\t<\/div>\n<\/div>\n<div class=\"wpb_column vc_column_container vc_col-sm-6\" style=\"margin-top: 10px\">\n\t<div class=\"vc_column-inner \">\n\t\t<p><label style=\"display:block\"> Ch\u1ee9c danh<br \/>\n<span class=\"wpcf7-form-control-wrap\" data-name=\"your-titile\"><input size=\"40\" maxlength=\"400\" class=\"wpcf7-form-control wpcf7-text\" aria-invalid=\"false\" value=\"\" type=\"text\" name=\"your-titile\" \/><\/span> <\/label>\n\t\t<\/p>\n\t<\/div>\n<\/div>\n<div class=\"wpb_column vc_column_container vc_col-sm-6\" style=\"margin-top: 10px\">\n\t<div class=\"vc_column-inner \">\n\t\t<p><label style=\"display:block\"> \u0110i\u1ec7n tho\u1ea1i (*)<br \/>\n<span class=\"wpcf7-form-control-wrap\" data-name=\"your-phone\"><input size=\"40\" maxlength=\"400\" class=\"wpcf7-form-control wpcf7-text wpcf7-validates-as-required\" aria-required=\"true\" aria-invalid=\"false\" value=\"\" type=\"text\" name=\"your-phone\" \/><\/span> <\/label>\n\t\t<\/p>\n\t<\/div>\n<\/div>\n<div class=\"wpb_column vc_column_container vc_col-sm-6\" style=\"margin-top: 10px\">\n\t<div class=\"vc_column-inner \">\n\t\t<p><label style=\"display:block\"> N\u1ed9i dung<br \/>\n<span class=\"wpcf7-form-control-wrap\" data-name=\"your-message\"><textarea cols=\"40\" rows=\"10\" maxlength=\"2000\" class=\"wpcf7-form-control wpcf7-textarea\" aria-invalid=\"false\" name=\"your-message\"><\/textarea><\/span> <\/label>\n\t\t<\/p>\n\t<\/div>\n<\/div>\n<div class=\"wpb_column vc_column_container vc_col-sm-6\" style=\"margin-top: 109px\">\n\t<div class=\"vc_column-inner \">\n\t\t<p><label style=\"display:block\"><input class=\"wpcf7-form-control wpcf7-submit has-spinner button theme_style_2 size-lg icon_right\" type=\"submit\" value=\"G\u1eedi\" \/><\/label>\n\t\t<\/p>\n\t<\/div>\n<\/div><div class=\"wpcf7-response-output\" aria-hidden=\"true\"><\/div>\n<\/form>\n<\/div>\n[\/vc_column_inner][vc_column_inner el_class=&#8221;marcontact&#8221; width=&#8221;1\/2&#8243;][vc_column_text]<strong>C\u00d4NG TY C\u1ed4 PH\u1ea6N C\u00d4NG NGH\u1ec6 SOLOMON<\/strong><\/p>\n<p>316 L\u00ea V\u0103n S\u1ef9, ph\u01b0\u1eddng 1, qu\u1eadn T\u00e2n B\u00ecnh, Tp H\u1ed3 Ch\u00ed Minh, Vi\u1ec7t Nam<\/p>\n<p>Tel: 0961 96 66 98 \u2013 Sales<\/p>\n<p><a href=\"mailto:hien.nguyen@solomon.com.vn\"><span style=\"color: #000000;\">hien.nguyen@solomon.com.vn<\/span><\/a><\/p>\n<p>[\/vc_column_text][\/vc_column_inner][\/vc_row_inner][\/vc_column][\/vc_row]<\/p>","protected":false},"excerpt":{"rendered":"<p>[vc_row css=&#8221;.vc_custom_1460958899385{margin-bottom: 56px !important;}&#8221;][vc_column video_bg=&#8221;yes&#8221; offset=&#8221;vc_hidden-xs&#8221;][rev_slider_vc alias=&#8221;slidehome&#8221;][\/vc_column][\/vc_row][vc_row css_animation=&#8221;fadeInUp&#8221; css=&#8221;.vc_custom_1527652518192{margin-bottom: 58px !important;}&#8221;][vc_column][vc_custom_heading text=&#8221;GI\u1edaI THI\u1ec6U&#8221; font_container=&#8221;tag:h2|text_align:center&#8221; use_theme_fonts=&#8221;yes&#8221; css=&#8221;.vc_custom_1527433486124{margin-bottom: 60px !important;}&#8221;][vc_single_image image=&#8221;1569&#8243; img_size=&#8221;full&#8221;][vc_column_text]WORLD-CLASS SUPPLY MANAGEMENT (WSM) \u2013 qu\u1ea3n tr\u1ecb cung \u1ee9ng \u0111\u1eb3ng c\u1ea5p th\u1ebf gi\u1edbi, l\u00e0 tri\u1ebft l\u00fd v\u1ec1 s\u1ef1 c\u1ea3i ti\u1ebfn m\u1ed9t c\u00e1ch li\u00ean t\u1ee5c v\u1edbi c\u00e1c m\u1ee5c ti\u00eau d\u00e0i h\u1ea1n nh\u1eb1m t\u0103ng c\u01b0\u1eddng n\u0103ng l\u1ef1c chu\u1ed7i<\/p>\n","protected":false},"author":1,"featured_media":0,"parent":0,"menu_order":0,"comment_status":"closed","ping_status":"closed","template":"","meta":{"footnotes":""},"class_list":["post-1071","page","type-page","status-publish","hentry"],"_links":{"self":[{"href":"https:\/\/wsmexpert.com\/en\/wp-json\/wp\/v2\/pages\/1071","targetHints":{"allow":["GET"]}}],"collection":[{"href":"https:\/\/wsmexpert.com\/en\/wp-json\/wp\/v2\/pages"}],"about":[{"href":"https:\/\/wsmexpert.com\/en\/wp-json\/wp\/v2\/types\/page"}],"author":[{"embeddable":true,"href":"https:\/\/wsmexpert.com\/en\/wp-json\/wp\/v2\/users\/1"}],"replies":[{"embeddable":true,"href":"https:\/\/wsmexpert.com\/en\/wp-json\/wp\/v2\/comments?post=1071"}],"version-history":[{"count":76,"href":"https:\/\/wsmexpert.com\/en\/wp-json\/wp\/v2\/pages\/1071\/revisions"}],"predecessor-version":[{"id":14400,"href":"https:\/\/wsmexpert.com\/en\/wp-json\/wp\/v2\/pages\/1071\/revisions\/14400"}],"wp:attachment":[{"href":"https:\/\/wsmexpert.com\/en\/wp-json\/wp\/v2\/media?parent=1071"}],"curies":[{"name":"wp","href":"https:\/\/api.w.org\/{rel}","templated":true}]}}