
{"id":1501,"date":"2017-02-09T14:23:01","date_gmt":"2017-02-09T14:23:01","guid":{"rendered":"http:\/\/consulting.stylemixthemes.com\/demo\/?page_id=1501"},"modified":"2020-03-26T10:31:04","modified_gmt":"2020-03-26T10:31:04","slug":"about-us","status":"publish","type":"page","link":"https:\/\/wsmexpert.com\/en\/about-us\/","title":{"rendered":"Gi\u1edbi thi\u1ec7u"},"content":{"rendered":"<p>[vc_row full_width=&#8221;stretch_row&#8221; css=&#8221;.vc_custom_1528512012018{margin-top: 0px !important;margin-bottom: 55px !important;padding-top: 55px !important;padding-bottom: 55px !important;background-color: #f2f2f2 !important;}&#8221;][vc_column][vc_column_text css_animation=&#8221;fadeInUp&#8221;]<\/p>\n<blockquote style=\"background-color: #ffffff;\"><p>B\u1ea1n mu\u1ed1n \u0111\u01b0a s\u1ea3n ph\u1ea9m ra th\u1ecb tr\u01b0\u1eddng nhanh nh\u1ea5t, v\u1edbi gi\u00e1 b\u00e1n c\u1ea1nh tranh nh\u1ea5t v\u00e0 chi ph\u00ed h\u1ee3p l\u00fd nh\u1ea5t?<\/p><\/blockquote>\n<p>[\/vc_column_text][vc_column_text css_animation=&#8221;fadeInUp&#8221;]<\/p>\n<blockquote style=\"background-color: #ffffff;\"><p>B\u1ea1n mu\u1ed1n qu\u1ea3n tr\u1ecb h\u1ec7 th\u1ed1ng cung \u1ee9ng m\u1ed9t c\u00e1ch minh b\u1ea1ch v\u00e0 hi\u1ec7u qu\u1ea3?<\/p><\/blockquote>\n<p>[\/vc_column_text][vc_column_text css_animation=&#8221;fadeInUp&#8221;]<\/p>\n<blockquote style=\"background-color: #ffffff;\"><p>B\u1ea1n mu\u1ed1n gia t\u0103ng ni\u1ec1m tin v\u00e0 s\u1ef1 h\u1ee3p t\u00e1c trong c\u00f4ng vi\u1ec7c?<\/p><\/blockquote>\n<p>[\/vc_column_text][vc_column_text css_animation=&#8221;fadeInUp&#8221; css=&#8221;.vc_custom_1528296811926{margin-bottom: 25px !important;}&#8221;]Khi n\u00f3i \u0111\u1ebfn qu\u1ea3n tr\u1ecb chu\u1ed7i cung \u1ee9ng, th\u00f4ng th\u01b0\u1eddng c\u00e1c doanh nghi\u1ec7p ch\u1ec9 g\u00f3i g\u1ecdn c\u00e1c quy tr\u00ecnh thu\u1ed9c v\u1ec1 b\u1ed9 ph\u1eadn Purchasing, nh\u01b0ng WSM l\u00e0 s\u1ef1 k\u1ebft h\u1ee3p c\u1ee7a to\u00e0n h\u1ec7 th\u1ed1ng qu\u1ea3n tr\u1ecb doanh nghi\u1ec7p. M\u1ed9t Purchasing Manager \u0111\u1eb3ng c\u1ea5p th\u1ebf gi\u1edbi ngo\u00e0i vi\u1ec7c qu\u1ea3n l\u00fd ch\u1ee9c n\u0103ng ri\u00eang, t\u1eeb vi\u1ec7c ch\u1ec9 nh\u1eafm v\u1ec1 m\u1ed9t n\u1ed9i b\u1ed9 ph\u00f2ng ban ho\u1eb7c m\u1ed9t c\u00f4ng ty h\u01b0\u1edbng \u0111\u1ebfn vi\u1ec7c t\u1ed1i \u01b0u h\u00f3a to\u00e0n chu\u1ed7i cung \u1ee9ng, l\u00e0 c\u1ea7u n\u1ed1i gi\u1eefa c\u00e1c ranh gi\u1edbi &#8211; t\u1eeb c\u1ea5p \u0111\u1ed9 c\u00e1c ph\u00f2ng ban \u0111\u1ebfn c\u1ea5p \u0111\u1ed9 c\u00e1c c\u00f4ng ty. Thu\u1eadt ng\u1eef \u201cworld class\u201d c\u00f2n h\u00e0m \u00fd v\u1ec1 ho\u1ea1t \u0111\u1ed9ng kinh doanh tr\u00ean b\u00ecnh di\u1ec7n qu\u1ed1c t\u1ebf, c\u1ee7a t\u1ed5 ch\u1ee9c \u0111\u00e3 t\u1ed3n t\u1ea1i ho\u1eb7c s\u1eafp b\u01b0\u1edbc ra m\u00f4i tr\u01b0\u1eddng kinh doanh to\u00e0n c\u1ea7u.[\/vc_column_text][vc_single_image image=&#8221;1569&#8243; img_size=&#8221;full&#8221; alignment=&#8221;center&#8221; css_animation=&#8221;fadeInUp&#8221;][\/vc_column][\/vc_row][vc_row][vc_column css_animation=&#8221;fadeInUp&#8221;][vc_custom_heading text=&#8221;WSM \u1ea3nh h\u01b0\u1edfng \u0111\u1ebfn c\u00f4ng ty nh\u01b0 th\u1ebf n\u00e0o?&#8221; font_container=&#8221;tag:h3|text_align:left&#8221; google_fonts=&#8221;font_family:Montserrat%3Aregular%2C700|font_style:700%20bold%20regular%3A700%3Anormal&#8221; css=&#8221;.vc_custom_1528107183798{margin-bottom: 39px !important;}&#8221;][vc_column_text css=&#8221;.vc_custom_1528103155712{margin-bottom: 25px !important;}&#8221;]X\u00e9t theo kh\u00eda c\u1ea1nh doanh nghi\u1ec7p, Doanh thu (Sales) v\u00e0 Chi ph\u00ed (Cost) l\u00e0 nh\u00e2n t\u1ed1 ch\u00ednh t\u00e1c \u0111\u1ed9ng l\u00ean L\u1ee3i nhu\u1eadn (Profit) v\u00e0 xa h\u01a1n l\u00e0 Gi\u00e1 tr\u1ecb doanh nghi\u1ec7p (Firm\u2019s Value, \u0111\u1ed1i v\u1edbi c\u00e1c c\u00f4ng ty ni\u00eam y\u1ebft ho\u1eb7c c\u00f3 \u00fd \u0111\u1ecbnh chuy\u1ec3n nh\u01b0\u1ee3ng). WSM tho\u1ea1t nh\u00ecn c\u00f3 v\u1ebb ch\u1ec9 li\u00ean quan \u0111\u1ebfn Chi ph\u00ed v\u00ec l\u00e0 h\u1ec7 th\u1ed1ng quy tr\u00ecnh qu\u1ea3n l\u00fd chu\u1ed7i cung \u1ee9ng, tuy nhi\u00ean, t\u00e1c \u0111\u1ed9ng v\u1ec1 m\u1eb7t Doanh thu c\u1ee7a h\u1ec7 th\u1ed1ng n\u00e0y c\u0169ng r\u1ea5t r\u00f5 r\u00e0ng v\u00e0 c\u00f3 th\u1ec3 gi\u1ea3i th\u00edch \u0111\u01b0\u1ee3c.[\/vc_column_text][\/vc_column][\/vc_row][vc_row css_animation=&#8221;fadeInUp&#8221; css=&#8221;.vc_custom_1528296842833{margin-bottom: 30px !important;}&#8221;][vc_column offset=&#8221;vc_col-lg-4 vc_col-md-4&#8243;][stm_icon_box icon=&#8221;stm-metals&#8221; style=&#8221;icon_left&#8221; icon_size=&#8221;16&#8243; icon_color=&#8221;base&#8221; icon_bg_color=&#8221;third_bg&#8221; icon_width=&#8221;70&#8243; title=&#8221;V\u1ec1 m\u1eb7t chi ph\u00ed&#8221; css=&#8221;.vc_custom_1528104093284{margin-bottom: 28px !important;}&#8221;]WSM ki\u1ec3m so\u00e1t chi ph\u00ed mua h\u00e0ng; chi ph\u00ed x\u1eed l\u00fd\/ ch\u1ebf bi\u1ebfn; chi ph\u00ed cho vi\u1ec7c ki\u1ec3m so\u00e1t ch\u1ea5t l\u01b0\u1ee3ng; chi ph\u00ed r\u1ee7i ro; chi ph\u00ed xoay v\u00f2ng th\u1eddi gian s\u1ea3n xu\u1ea5t \u2013 c\u00e0ng r\u00fat ng\u1eafn th\u1eddi gian s\u1ea3n xu\u1ea5t th\u00ec chi ph\u00ed c\u00e0ng gi\u1ea3m, v\u00e0 c\u00e1c lo\u1ea1i chi ph\u00ed v\u1eadn h\u00e0nh kh\u00e1c<em>.<\/em><\/p>\n<p><span style=\"display: block; line-height: 24px;\">\u00a0<\/span>[\/stm_icon_box][\/vc_column][vc_column offset=&#8221;vc_col-lg-4 vc_col-md-4&#8243;][stm_icon_box icon=&#8221;fa fa-line-chart&#8221; style=&#8221;icon_left&#8221; icon_size=&#8221;20&#8243; icon_color=&#8221;base&#8221; icon_bg_color=&#8221;third_bg&#8221; icon_width=&#8221;70&#8243; title=&#8221;V\u1ec1 m\u1eb7t Doanh thu&#8221; css=&#8221;.vc_custom_1528104210807{margin-bottom: 28px !important;}&#8221;]WSM gi\u00fap nhanh ch\u00f3ng \u0111\u01b0a s\u1ea3n ph\u1ea9m ra th\u1ecb tr\u01b0\u1eddng v\u00e0 t\u0103ng t\u1ed1c \u0111\u1ed9 ph\u1ea3n \u00e1nh nhu c\u1ea7u th\u1ecb tr\u01b0\u1eddng \u0111\u1ec3 k\u1ecbp thay \u0111\u1ed5i s\u1ea3n ph\u1ea9m v\u00e0 quy tr\u00ecnh s\u1ea3n xu\u1ea5t, gi\u00fap t\u0103ng kh\u1ea3 n\u0103ng c\u1ea1nh tranh; c\u1ea3i ti\u1ebfn ch\u1ea5t l\u01b0\u1ee3ng t\u1eeb ngu\u1ed3n cung nguy\u00ean li\u1ec7u &#8211; \u0111\u1ea7u v\u00e0o t\u1ed1t, cho ra s\u1ea3n ph\u1ea9m t\u1ed1t v\u00e0 \u00edt l\u1ed7i; kh\u1ea3 n\u0103ng linh ho\u1ea1t v\u1ec1 gi\u00e1 b\u00e1n, n\u1ebfu ti\u00ean \u0111o\u00e1n v\u00e0 ki\u1ec3m so\u00e1t \u0111\u01b0\u1ee3c gi\u00e1 mua v\u00e0o.<\/p>\n<p><span style=\"display: block; line-height: 24px;\">\u00a0<\/span>[\/stm_icon_box][\/vc_column][vc_column offset=&#8221;vc_col-lg-4 vc_col-md-4&#8243;][stm_icon_box icon=&#8221;fa fa-share-alt&#8221; style=&#8221;icon_left&#8221; icon_size=&#8221;20&#8243; icon_color=&#8221;base&#8221; icon_bg_color=&#8221;third_bg&#8221; icon_width=&#8221;70&#8243; title=&#8221;V\u1ec1 m\u1eb7t c\u00f4ng ngh\u1ec7&#8221; css=&#8221;.vc_custom_1528104316159{margin-bottom: 28px !important;}&#8221;]S\u1ef1 c\u1ea3i ti\u1ebfn c\u00f4ng ngh\u1ec7 th\u00f4ng qua vi\u1ec7c t\u1eadn d\u1ee5ng c\u00f4ng ngh\u1ec7 c\u1ee7a c\u00e1c li\u00ean minh \u0111\u1ed1i t\u00e1c l\u00e0m \u0111\u00f2n b\u1ea9y<\/p>\n<p><span style=\"display: block; line-height: 24px;\">\u00a0<\/span>[\/stm_icon_box][\/vc_column][\/vc_row][vc_row full_width=&#8221;stretch_row&#8221; equal_height=&#8221;yes&#8221; css=&#8221;.vc_custom_1485526792127{background-color: #f2f2f2 !important;}&#8221; el_class=&#8221;about-bg-right&#8221;][vc_column css_animation=&#8221;fadeInLeft&#8221; width=&#8221;5\/12&#8243;][vc_single_image image=&#8221;2123&#8243; img_size=&#8221;full&#8221;][\/vc_column][vc_column css_animation=&#8221;fadeInRight&#8221; width=&#8221;7\/12&#8243;][vc_custom_heading text=&#8221;S\u1ee9 m\u1ec7nh c\u1ee7a ch\u00fang t\u00f4i&#8221; font_container=&#8221;tag:h3|text_align:left&#8221; google_fonts=&#8221;font_family:Montserrat%3Aregular%2C700|font_style:700%20bold%20regular%3A700%3Anormal&#8221; css=&#8221;.vc_custom_1528103983679{margin-top: 50px !important;margin-bottom: 25px !important;}&#8221;][vc_column_text css=&#8221;.vc_custom_1532768427503{margin-bottom: 22px !important;}&#8221;]T\u1eeb n\u0103m 2007, ch\u00fang t\u00f4i \u0111\u00e3 b\u1eaft \u0111\u1ea7u nghi\u00ean c\u1ee9u v\u1ec1 kh\u1ea3 n\u0103ng k\u1ebft n\u1ed1i v\u00e0 cung \u1ee9ng d\u1ecbch v\u1ee5 gi\u1eefa nh\u1eefng th\u00e0nh ph\u1ea7n kinh t\u1ebf quan tr\u1ecdng v\u00e0 ph\u1ed5 bi\u1ebfn, nh\u01b0 chu\u1ed7i cung \u1ee9ng logistic, chu\u1ed7i cung \u1ee9ng th\u1ef1c ph\u1ea9m trong ng\u00e0nh nh\u00e0 h\u00e0ng \u2013 kh\u00e1ch s\u1ea1n, hay \u0111i s\u00e2u v\u00e0o quy tr\u00ecnh s\u1ea3n xu\u1ea5t n\u00f4ng nghi\u1ec7p v\u00e0 cung \u1ee9ng cho th\u1ecb tr\u01b0\u1eddng ti\u00eau th\u1ee5. Ch\u00fang t\u00f4i nh\u1eadn ra kho\u1ea3ng c\u00e1ch l\u1edbn gi\u1eefa nh\u00e0 s\u1ea3n xu\u1ea5t, th\u01b0\u01a1ng l\u00e1i, nh\u00e0 v\u1eadn chuy\u1ec3n v\u00e0 ng\u01b0\u1eddi mua h\u00e0ng cu\u1ed1i c\u00f9ng. \u0110i\u1ec1u n\u00e0y \u0111\u00e3 h\u1ea1n ch\u1ebf n\u0103ng l\u1ef1c c\u1ea1nh tranh c\u1ee7a c\u00e1c c\u00f4ng ty Vi\u1ec7t Nam, trong ph\u1ea7n l\u1edbn ng\u00e0nh ngh\u1ec1, b\u1ea5t k\u1ec3 quy m\u00f4 v\u00e0 \u0111\u1eb7c th\u00f9 v\u1eadn h\u00e0nh.<\/p>\n<p>V\u00e0o n\u0103m 2015, ch\u00fang t\u00f4i ph\u00e1t hi\u1ec7n ph\u01b0\u01a1ng ph\u00e1p WSM ph\u00f9 h\u1ee3p v\u1edbi m\u00f4i tr\u01b0\u1eddng kinh doanh t\u1ea1i Vi\u1ec7t Nam, v\u00e0 c\u00f3 th\u1ec3 tr\u1edf th\u00e0nh h\u00ecnh m\u1eabu \u0111\u1ec3 kh\u1eafc ph\u1ee5c nh\u1eefng h\u1ea1n ch\u1ebf v\u00e0 thu h\u1eb9p nh\u1eefng kho\u1ea3ng c\u00e1ch trong chu\u1ed7i li\u00ean k\u1ebft gi\u00e1 tr\u1ecb. Kh\u00f4ng ch\u1ec9 v\u1edbi ph\u01b0\u01a1ng ph\u00e1p lu\u1eadn, ch\u00fang t\u00f4i mang \u0111\u1ebfn gi\u1ea3i ph\u00e1p c\u00f4ng ngh\u1ec7 \u0111\u1ec3 k\u1ebft n\u1ed1i m\u1ecdi c\u00f4ng ty trong chu\u1ed7i cung \u1ee9ng, s\u1ef1 chuy\u1ec3n giao th\u00f4ng tin v\u00e0 ph\u00e2n t\u00edch xu h\u01b0\u1edbng tr\u00ean d\u1eef li\u1ec7u l\u1edbn. Ch\u1eafc ch\u1eafn, ch\u00fang t\u00f4i s\u1ebd khi\u1ebfn c\u00e2u chuy\u1ec7n ph\u1ee9c t\u1ea1p trong th\u1ebf gi\u1edbi kinh doanh tr\u1edf n\u00ean d\u1ec5 d\u00e0ng h\u01a1n.<\/p>\n<p><span style=\"display: block; line-height: 22px;\">\u00a0<\/span>[\/vc_column_text][\/vc_column][\/vc_row]<\/p>","protected":false},"excerpt":{"rendered":"<p>[vc_row full_width=&#8221;stretch_row&#8221; css=&#8221;.vc_custom_1528512012018{margin-top: 0px !important;margin-bottom: 55px !important;padding-top: 55px !important;padding-bottom: 55px !important;background-color: #f2f2f2 !important;}&#8221;][vc_column][vc_column_text css_animation=&#8221;fadeInUp&#8221;] B\u1ea1n mu\u1ed1n \u0111\u01b0a s\u1ea3n ph\u1ea9m ra th\u1ecb tr\u01b0\u1eddng nhanh nh\u1ea5t, v\u1edbi gi\u00e1 b\u00e1n c\u1ea1nh tranh nh\u1ea5t v\u00e0 chi ph\u00ed h\u1ee3p l\u00fd nh\u1ea5t? [\/vc_column_text][vc_column_text css_animation=&#8221;fadeInUp&#8221;] B\u1ea1n mu\u1ed1n qu\u1ea3n tr\u1ecb h\u1ec7 th\u1ed1ng cung \u1ee9ng m\u1ed9t c\u00e1ch minh b\u1ea1ch v\u00e0 hi\u1ec7u qu\u1ea3? [\/vc_column_text][vc_column_text css_animation=&#8221;fadeInUp&#8221;]<\/p>\n","protected":false},"author":1,"featured_media":1643,"parent":0,"menu_order":0,"comment_status":"closed","ping_status":"closed","template":"","meta":{"footnotes":""},"class_list":["post-1501","page","type-page","status-publish","has-post-thumbnail","hentry"],"_links":{"self":[{"href":"https:\/\/wsmexpert.com\/en\/wp-json\/wp\/v2\/pages\/1501","targetHints":{"allow":["GET"]}}],"collection":[{"href":"https:\/\/wsmexpert.com\/en\/wp-json\/wp\/v2\/pages"}],"about":[{"href":"https:\/\/wsmexpert.com\/en\/wp-json\/wp\/v2\/types\/page"}],"author":[{"embeddable":true,"href":"https:\/\/wsmexpert.com\/en\/wp-json\/wp\/v2\/users\/1"}],"replies":[{"embeddable":true,"href":"https:\/\/wsmexpert.com\/en\/wp-json\/wp\/v2\/comments?post=1501"}],"version-history":[{"count":43,"href":"https:\/\/wsmexpert.com\/en\/wp-json\/wp\/v2\/pages\/1501\/revisions"}],"predecessor-version":[{"id":2311,"href":"https:\/\/wsmexpert.com\/en\/wp-json\/wp\/v2\/pages\/1501\/revisions\/2311"}],"wp:featuredmedia":[{"embeddable":true,"href":"https:\/\/wsmexpert.com\/en\/wp-json\/wp\/v2\/media\/1643"}],"wp:attachment":[{"href":"https:\/\/wsmexpert.com\/en\/wp-json\/wp\/v2\/media?parent=1501"}],"curies":[{"name":"wp","href":"https:\/\/api.w.org\/{rel}","templated":true}]}}