
{"id":2197,"date":"2019-09-04T09:03:47","date_gmt":"2019-09-04T09:03:47","guid":{"rendered":"http:\/\/wsmexpert.com\/?page_id=2197"},"modified":"2022-11-29T04:57:26","modified_gmt":"2022-11-29T04:57:26","slug":"icatering","status":"publish","type":"page","link":"https:\/\/wsmexpert.com\/en\/icatering\/","title":{"rendered":"Gi\u1ea3i Ph\u00e1p"},"content":{"rendered":"<p>[vc_row][vc_column css_animation=&#8221;fadeInLeft&#8221; width=&#8221;1\/3&#8243;][vc_column_text]<\/p>\n<h4 style=\"text-align: left;\">Ph\u1ea7n m\u1ec1m qu\u1ea3n l\u00fd<br \/>\nb\u1ebfp \u0103n chuy\u00ean nghi\u1ec7p<\/h4>\n<p>Ch\u00fang t\u00f4i th\u1ea5u hi\u1ec3u nh\u1eefng kh\u00f3 kh\u0103n trong vi\u1ec7c qu\u1ea3n l\u00fd b\u1ebfp n\u1ea5u \u0103n v\u00e0 mang \u0111\u1ebfn cho b\u1ea1n m\u1ed9t gi\u1ea3i ph\u00e1p c\u00f4ng ngh\u1ec7 chuy\u00ean bi\u1ec7t.[\/vc_column_text][vc_btn title=&#8221;Tr\u1ea3i nghi\u1ec7m&#8221; color=&#8221;warning&#8221; size=&#8221;xs&#8221; link=&#8221;url:http%3A%2F%2Fwsmexpert.com%2Fcontact-us%2F|||&#8221;][\/vc_column][vc_column css_animation=&#8221;fadeInRight&#8221; width=&#8221;2\/3&#8243;][vc_column_text]<iframe loading=\"lazy\" src=\"\/\/www.youtube.com\/embed\/Vg96SSBo8Dw\" width=\"100%\" height=\"400\" frameborder=\"0\" allowfullscreen=\"allowfullscreen\"><\/iframe>[\/vc_column_text][\/vc_column][\/vc_row][vc_row][vc_column css_animation=&#8221;fadeInUp&#8221; el_class=&#8221;headcenter marT60&#8243;][vc_column_text]<\/p>\n<h3 style=\"text-align: center;\">\u0110\u1ed1i t\u00e1c \u0111\u00e3 d\u00f9ng gi\u1ea3i ph\u00e1p<\/h3>\n<p>[\/vc_column_text][\/vc_column][\/vc_row][vc_row el_class=&#8221;marT30&#8243;][vc_column width=&#8221;1\/4&#8243;][stm_partner title=&#8221;C\u00f4ng ty TNHH P. Dussmann Vi\u1ec7t Nam&#8221; logo=&#8221;2528&#8243; link=&#8221;|||&#8221; img_size=&#8221;medium&#8221;][stm_partner title=&#8221;C\u00f4ng ty CP SX N\u00f4ng nghi\u1ec7p C\u00f4ng ngh\u1ec7 cao Vi\u1ec7t H\u00e0n &#8211; Viko Agri&#8221; logo=&#8221;5510&#8243; img_size=&#8221;medium&#8221;][\/vc_column][vc_column width=&#8221;1\/4&#8243;][stm_partner title=&#8221;C\u00f4ng ty TNHH Th\u1ea3o H\u00e0&#8221; logo=&#8221;2515&#8243; link=&#8221;|||&#8221; img_size=&#8221;medium&#8221;][stm_partner title=&#8221;C\u00f4ng ty TNHH Th\u01b0\u01a1ng M\u1ea1i HUTO&#8221; logo=&#8221;14386&#8243; img_size=&#8221;medium&#8221;][\/vc_column][vc_column width=&#8221;1\/4&#8243;][stm_partner title=&#8221;C\u00f4ng ty TNHH MTV \u0110\u00f4ng Ti\u1ebfn&#8221; logo=&#8221;2516&#8243; link=&#8221;|||&#8221; img_size=&#8221;medium&#8221;][\/vc_column][vc_column width=&#8221;1\/4&#8243;][stm_partner logo=&#8221;3605&#8243; title=&#8221;C\u00f4ng ty TNHH Xu\u1ea5t \u0102n Alo.com&#8221; img_size=&#8221;medium&#8221;][\/vc_column][\/vc_row][vc_row el_class=&#8221;headcenter marT60&#8243;][vc_column][vc_column_text css_animation=&#8221;fadeInUp&#8221;]<\/p>\n<h3 style=\"text-align: center;\">Gi\u1ea3i ph\u00e1p \u0111\u01b0\u1ee3c v\u1eadn h\u00e0nh tr\u00ean thi\u1ebft b\u1ecb di \u0111\u1ed9ng<\/h3>\n<p>[\/vc_column_text][\/vc_column][\/vc_row][vc_row el_class=&#8221;marT60&#8243;][vc_column css_animation=&#8221;fadeInLeft&#8221; width=&#8221;1\/3&#8243;][vc_single_image image=&#8221;2255&#8243; img_size=&#8221;full&#8221;][vc_column_text]H\u1ec7 th\u1ed1ng \u0111i\u1ec7n to\u00e1n \u0111\u00e1m m\u00e2y k\u1ebft n\u1ed1i th\u00f4ng tin t\u1eeb c\u00e1c m\u00e1y t\u00ednh, ph\u1ee5c v\u1ee5 cho vi\u1ec7c cung \u1ee9ng v\u00e0 ki\u1ec3m tra l\u01b0u l\u01b0\u1ee3ng h\u00e0ng h\u00f3a, \u0111\u1ea3m b\u1ea3o th\u00f4ng tin li\u00ean l\u1ea1c v\u1edbi h\u00e0ng ngh\u00ecn \u0111\u1ed1i t\u01b0\u1ee3ng m\u1ecdi l\u00fac, m\u1ecdi n\u01a1i.[\/vc_column_text][\/vc_column][vc_column css_animation=&#8221;fadeInUp&#8221; width=&#8221;1\/3&#8243;][vc_single_image image=&#8221;2254&#8243; img_size=&#8221;full&#8221;][vc_column_text]T\u00ednh n\u0103ng giao nh\u1eadn \u0111\u01b0\u1ee3c x\u00e2y d\u1ef1ng chuy\u00ean bi\u1ec7t tr\u00ean \u1ee9ng d\u1ee5ng \u0111i\u1ec7n tho\u1ea1i di \u0111\u1ed9ng, gi\u00fap cho c\u00f4ng t\u00e1c \u0111\u01b0\u1ee3c th\u1ef1c hi\u1ec7n m\u1ed9t c\u00e1ch linh ho\u1ea1t, r\u1eddi xa v\u0103n ph\u00f2ng v\u00e0 ghi nh\u1eadn ph\u1ea3n h\u1ed3i s\u1ef1 vi\u1ec7c th\u00f4ng qua h\u00ecnh \u1ea3nh.[\/vc_column_text][\/vc_column][vc_column css_animation=&#8221;fadeInRight&#8221; width=&#8221;1\/3&#8243;][vc_single_image image=&#8221;2256&#8243; img_size=&#8221;full&#8221;][vc_column_text]H\u1ec7 th\u1ed1ng lu\u00f4n \u0111\u00e1p \u1ee9ng kh\u1ea3 n\u0103ng m\u1edf r\u1ed9ng ch\u1ee9c n\u0103ng, t\u00edch h\u1ee3p c\u00e1c thi\u1ebft b\u1ecb v\u00e0 t\u00edch h\u1ee3p d\u1eef li\u1ec7u v\u1edbi c\u00e1c h\u1ec7 th\u1ed1ng doanh nghi\u1ec7p \u0111\u00e3 v\u00e0 \u0111ang s\u1eed d\u1ee5ng, \u0111\u1ea3m b\u1ea3o t\u00ednh li\u00ean k\u1ebft v\u00e0 an to\u00e0n d\u1eef li\u1ec7u.[\/vc_column_text][\/vc_column][\/vc_row][vc_row el_class=&#8221;headcenter marT60&#8243;][vc_column css_animation=&#8221;fadeInUp&#8221;][vc_column_text]<\/p>\n<h3 style=\"text-align: center;\">H\u1ec6 TH\u1ed0NG HO\u00c0N THI\u1ec6N QUA V\u1eacN H\u00c0NH TH\u1ef0C T\u1ebe<\/h3>\n<p>[\/vc_column_text][\/vc_column][\/vc_row][vc_row el_class=&#8221;marT30&#8243;][vc_column css_animation=&#8221;fadeInLeft&#8221; width=&#8221;1\/3&#8243;][vc_column_text]<\/p>\n<h4>S\u1ed0 L\u01af\u1ee2NG C\u00d4NG TR\u00ccNH: 140<\/h4>\n<p>S\u1ed1 b\u1ebfp trung t\u00e2m: 3<\/p>\n<p>S\u1ed1 b\u1ebfp c\u1ee5m: 12<\/p>\n<p>S\u1ed1 b\u1ebfp c\u01a1 s\u1edf: 66<\/p>\n<p>S\u1ed1 nh\u00e0 kho: 59[\/vc_column_text][\/vc_column][vc_column css_animation=&#8221;fadeInRight&#8221; width=&#8221;2\/3&#8243;][vc_single_image image=&#8221;2293&#8243; img_size=&#8221;full&#8221;][\/vc_column][\/vc_row][vc_row el_class=&#8221;marT60&#8243;][vc_column css_animation=&#8221;fadeInLeft&#8221; width=&#8221;2\/3&#8243;][vc_single_image image=&#8221;2289&#8243; img_size=&#8221;full&#8221;][\/vc_column][vc_column css_animation=&#8221;fadeInRight&#8221; width=&#8221;1\/3&#8243;][vc_column_text]<\/p>\n<h4 style=\"text-align: left;\">S\u1ed0 L\u01af\u1ee2NG NH\u00c0 CUNG C\u1ea4P: 370<\/h4>\n<p style=\"text-align: left;\">S\u1ed1 m\u1eb7t h\u00e0ng th\u1ef1c ph\u1ea9m: +4,000<\/p>\n<p>S\u1ed1 v\u1eadt t\u01b0 nh\u00e0 b\u1ebfp: +6,000<\/p>\n<p>S\u1ed1 v\u1eadt t\u01b0 v\u1ec7 sinh, l\u00e0m s\u1ea1ch: +300[\/vc_column_text][\/vc_column][\/vc_row][vc_row css_animation=&#8221;none&#8221; el_class=&#8221;headcenter marT30&#8243;][vc_column][vc_column_text css_animation=&#8221;fadeInUp&#8221;]<\/p>\n<h3 style=\"text-align: center;\">Li\u00ean H\u1ec7<\/h3>\n<p>[\/vc_column_text][vc_row_inner][vc_column_inner width=&#8221;1\/2&#8243;]\n<div class=\"wpcf7 no-js\" id=\"wpcf7-f2183-o1\" lang=\"en-US\" dir=\"ltr\" data-wpcf7-id=\"2183\">\n<div class=\"screen-reader-response\"><p role=\"status\" aria-live=\"polite\" aria-atomic=\"true\"><\/p> <ul><\/ul><\/div>\n<form action=\"\/en\/wp-json\/wp\/v2\/pages\/2197#wpcf7-f2183-o1\" method=\"post\" class=\"wpcf7-form init\" aria-label=\"Contact form\" novalidate=\"novalidate\" data-status=\"init\">\n<fieldset class=\"hidden-fields-container\"><input type=\"hidden\" name=\"_wpcf7\" value=\"2183\" \/><input type=\"hidden\" name=\"_wpcf7_version\" value=\"6.1.5\" \/><input type=\"hidden\" name=\"_wpcf7_locale\" value=\"en_US\" \/><input type=\"hidden\" name=\"_wpcf7_unit_tag\" value=\"wpcf7-f2183-o1\" \/><input type=\"hidden\" name=\"_wpcf7_container_post\" value=\"0\" \/><input type=\"hidden\" name=\"_wpcf7_posted_data_hash\" value=\"\" \/>\n<\/fieldset>\n<div class=\"wpb_column vc_column_container vc_col-sm-6\" style=\"margin-top: 10px\">\n\t<div class=\"vc_column-inner \">\n\t\t<p><label style=\"display:block\"> H\u1ecd (*)<br \/>\n<span class=\"wpcf7-form-control-wrap\" data-name=\"your-first\"><input size=\"40\" maxlength=\"400\" class=\"wpcf7-form-control wpcf7-text wpcf7-validates-as-required\" aria-required=\"true\" aria-invalid=\"false\" value=\"\" type=\"text\" name=\"your-first\" \/><\/span> <\/label>\n\t\t<\/p>\n\t<\/div>\n<\/div>\n<div class=\"wpb_column vc_column_container vc_col-sm-6\" style=\"margin-top: 10px\">\n\t<div class=\"vc_column-inner \">\n\t\t<p><label style=\"display:block\"> T\u00ean (*)<br \/>\n<span class=\"wpcf7-form-control-wrap\" data-name=\"your-last\"><input size=\"40\" maxlength=\"400\" class=\"wpcf7-form-control wpcf7-text wpcf7-validates-as-required\" aria-required=\"true\" aria-invalid=\"false\" value=\"\" type=\"text\" name=\"your-last\" \/><\/span> <\/label>\n\t\t<\/p>\n\t<\/div>\n<\/div>\n<div style=\"width: 100%; height: 10px\">\n<\/div>\n<div class=\"wpb_column vc_column_container vc_col-sm-6\" style=\"margin-top: 10px\">\n\t<div class=\"vc_column-inner \">\n\t\t<p><label style=\"display:block\"> C\u00f4ng ty<br \/>\n<span class=\"wpcf7-form-control-wrap\" data-name=\"your-company\"><input size=\"40\" maxlength=\"400\" class=\"wpcf7-form-control wpcf7-text\" aria-invalid=\"false\" value=\"\" type=\"text\" name=\"your-company\" \/><\/span> <\/label>\n\t\t<\/p>\n\t<\/div>\n<\/div>\n<div class=\"wpb_column vc_column_container vc_col-sm-6\" style=\"margin-top: 10px\">\n\t<div class=\"vc_column-inner \">\n\t\t<p><label style=\"display:block\"> Email (*)<br \/>\n<span class=\"wpcf7-form-control-wrap\" data-name=\"your-email\"><input size=\"40\" maxlength=\"400\" class=\"wpcf7-form-control wpcf7-email wpcf7-validates-as-required wpcf7-text wpcf7-validates-as-email\" aria-required=\"true\" aria-invalid=\"false\" value=\"\" type=\"email\" name=\"your-email\" \/><\/span> <\/label>\n\t\t<\/p>\n\t<\/div>\n<\/div>\n<div class=\"wpb_column vc_column_container vc_col-sm-6\" style=\"margin-top: 10px\">\n\t<div class=\"vc_column-inner \">\n\t\t<p><label style=\"display:block\"> Ch\u1ee9c danh<br \/>\n<span class=\"wpcf7-form-control-wrap\" data-name=\"your-titile\"><input size=\"40\" maxlength=\"400\" class=\"wpcf7-form-control wpcf7-text\" aria-invalid=\"false\" value=\"\" type=\"text\" name=\"your-titile\" \/><\/span> <\/label>\n\t\t<\/p>\n\t<\/div>\n<\/div>\n<div class=\"wpb_column vc_column_container vc_col-sm-6\" style=\"margin-top: 10px\">\n\t<div class=\"vc_column-inner \">\n\t\t<p><label style=\"display:block\"> \u0110i\u1ec7n tho\u1ea1i (*)<br \/>\n<span class=\"wpcf7-form-control-wrap\" data-name=\"your-phone\"><input size=\"40\" maxlength=\"400\" class=\"wpcf7-form-control wpcf7-text wpcf7-validates-as-required\" aria-required=\"true\" aria-invalid=\"false\" value=\"\" type=\"text\" name=\"your-phone\" \/><\/span> <\/label>\n\t\t<\/p>\n\t<\/div>\n<\/div>\n<div class=\"wpb_column vc_column_container vc_col-sm-6\" style=\"margin-top: 10px\">\n\t<div class=\"vc_column-inner \">\n\t\t<p><label style=\"display:block\"> N\u1ed9i dung<br \/>\n<span class=\"wpcf7-form-control-wrap\" data-name=\"your-message\"><textarea cols=\"40\" rows=\"10\" maxlength=\"2000\" class=\"wpcf7-form-control wpcf7-textarea\" aria-invalid=\"false\" name=\"your-message\"><\/textarea><\/span> <\/label>\n\t\t<\/p>\n\t<\/div>\n<\/div>\n<div class=\"wpb_column vc_column_container vc_col-sm-6\" style=\"margin-top: 109px\">\n\t<div class=\"vc_column-inner \">\n\t\t<p><label style=\"display:block\"><input class=\"wpcf7-form-control wpcf7-submit has-spinner button theme_style_2 size-lg icon_right\" type=\"submit\" value=\"G\u1eedi\" \/><\/label>\n\t\t<\/p>\n\t<\/div>\n<\/div><div class=\"wpcf7-response-output\" aria-hidden=\"true\"><\/div>\n<\/form>\n<\/div>\n[\/vc_column_inner][vc_column_inner width=&#8221;1\/2&#8243;][vc_column_text]<strong>C\u00d4NG TY C\u1ed4 PH\u1ea6N C\u00d4NG NGH\u1ec6 SOLOMON<\/strong><\/p>\n<p>316 L\u00ea V\u0103n S\u1ef9, ph\u01b0\u1eddng 1, qu\u1eadn T\u00e2n B\u00ecnh, Tp H\u1ed3 Ch\u00ed Minh, Vi\u1ec7t Nam<\/p>\n<p>Tel: 0961 96 66 98 &#8211; Sales<\/p>\n<p><a href=\"mailto:hien.nguyen@solomon.com.vn\"><span style=\"color: #000000;\">hien.nguyen@solomon.com.vn<\/span><\/a>[\/vc_column_text][\/vc_column_inner][\/vc_row_inner][\/vc_column][\/vc_row]<\/p>","protected":false},"excerpt":{"rendered":"<p>[vc_row][vc_column css_animation=&#8221;fadeInLeft&#8221; width=&#8221;1\/3&#8243;][vc_column_text] Ph\u1ea7n m\u1ec1m qu\u1ea3n l\u00fd b\u1ebfp \u0103n chuy\u00ean nghi\u1ec7p Ch\u00fang t\u00f4i th\u1ea5u hi\u1ec3u nh\u1eefng kh\u00f3 kh\u0103n trong vi\u1ec7c qu\u1ea3n l\u00fd b\u1ebfp n\u1ea5u \u0103n v\u00e0 mang \u0111\u1ebfn cho b\u1ea1n m\u1ed9t gi\u1ea3i ph\u00e1p c\u00f4ng ngh\u1ec7 chuy\u00ean bi\u1ec7t.[\/vc_column_text][vc_btn title=&#8221;Tr\u1ea3i nghi\u1ec7m&#8221; color=&#8221;warning&#8221; size=&#8221;xs&#8221; link=&#8221;url:http%3A%2F%2Fwsmexpert.com%2Fcontact-us%2F|||&#8221;][\/vc_column][vc_column css_animation=&#8221;fadeInRight&#8221; width=&#8221;2\/3&#8243;][vc_column_text][\/vc_column_text][\/vc_column][\/vc_row][vc_row][vc_column css_animation=&#8221;fadeInUp&#8221; el_class=&#8221;headcenter marT60&#8243;][vc_column_text] \u0110\u1ed1i t\u00e1c \u0111\u00e3 d\u00f9ng gi\u1ea3i ph\u00e1p [\/vc_column_text][\/vc_column][\/vc_row][vc_row el_class=&#8221;marT30&#8243;][vc_column<\/p>\n","protected":false},"author":1,"featured_media":0,"parent":0,"menu_order":0,"comment_status":"closed","ping_status":"closed","template":"","meta":{"footnotes":""},"class_list":["post-2197","page","type-page","status-publish","hentry"],"_links":{"self":[{"href":"https:\/\/wsmexpert.com\/en\/wp-json\/wp\/v2\/pages\/2197","targetHints":{"allow":["GET"]}}],"collection":[{"href":"https:\/\/wsmexpert.com\/en\/wp-json\/wp\/v2\/pages"}],"about":[{"href":"https:\/\/wsmexpert.com\/en\/wp-json\/wp\/v2\/types\/page"}],"author":[{"embeddable":true,"href":"https:\/\/wsmexpert.com\/en\/wp-json\/wp\/v2\/users\/1"}],"replies":[{"embeddable":true,"href":"https:\/\/wsmexpert.com\/en\/wp-json\/wp\/v2\/comments?post=2197"}],"version-history":[{"count":126,"href":"https:\/\/wsmexpert.com\/en\/wp-json\/wp\/v2\/pages\/2197\/revisions"}],"predecessor-version":[{"id":14391,"href":"https:\/\/wsmexpert.com\/en\/wp-json\/wp\/v2\/pages\/2197\/revisions\/14391"}],"wp:attachment":[{"href":"https:\/\/wsmexpert.com\/en\/wp-json\/wp\/v2\/media?parent=2197"}],"curies":[{"name":"wp","href":"https:\/\/api.w.org\/{rel}","templated":true}]}}